{"id":482,"date":"2026-02-28T12:35:52","date_gmt":"2026-02-28T10:35:52","guid":{"rendered":"https:\/\/locations-kerarzic.fr\/?page_id=482"},"modified":"2026-03-17T12:11:50","modified_gmt":"2026-03-17T10:11:50","slug":"region","status":"publish","type":"page","link":"http:\/\/locations-kerarzic.fr\/?page_id=482","title":{"rendered":"R\u00e9gion"},"content":{"rendered":"\t\t<div data-elementor-type=\"wp-page\" data-elementor-id=\"482\" class=\"elementor elementor-482\">\n\t\t\t\t<div class=\"elementor-element elementor-element-a52413f e-flex e-con-boxed e-con e-parent\" data-id=\"a52413f\" data-element_type=\"container\" data-e-type=\"container\">\n\t\t\t\t\t<div class=\"e-con-inner\">\n\t\t\t\t<div class=\"elementor-element elementor-element-706ba15 elementor-arrows-position-outside elementor-widget elementor-widget-image-carousel\" data-id=\"706ba15\" data-element_type=\"widget\" data-e-type=\"widget\" data-settings=\"{&quot;slides_to_show&quot;:&quot;1&quot;,&quot;navigation&quot;:&quot;arrows&quot;,&quot;autoplay_speed&quot;:3000,&quot;autoplay&quot;:&quot;yes&quot;,&quot;pause_on_hover&quot;:&quot;yes&quot;,&quot;pause_on_interaction&quot;:&quot;yes&quot;,&quot;infinite&quot;:&quot;yes&quot;,&quot;effect&quot;:&quot;slide&quot;,&quot;speed&quot;:500}\" data-widget_type=\"image-carousel.default\">\n\t\t\t\t\t\t\t<div class=\"elementor-image-carousel-wrapper swiper\" role=\"region\" aria-roledescription=\"carousel\" aria-label=\"Carrousel d\u2019images\" dir=\"ltr\">\n\t\t\t<div class=\"elementor-image-carousel swiper-wrapper\" aria-live=\"off\">\n\t\t\t\t\t\t\t\t<div class=\"swiper-slide\" role=\"group\" aria-roledescription=\"slide\" aria-label=\"Carrousel d\u2019images\"><figure class=\"swiper-slide-inner\"><img decoding=\"async\" class=\"swiper-slide-image\" src=\"http:\/\/locations-kerarzic.fr\/wp-content\/uploads\/2012\/07\/IMGP2370-1024x768.jpg\" alt=\"IMGP2370\" \/><\/figure><\/div><div class=\"swiper-slide\" role=\"group\" aria-roledescription=\"slide\" aria-label=\"Carrousel d\u2019images\"><figure class=\"swiper-slide-inner\"><img decoding=\"async\" class=\"swiper-slide-image\" src=\"http:\/\/locations-kerarzic.fr\/wp-content\/uploads\/2012\/07\/IMGP2376-1024x768.jpg\" alt=\"IMGP2376\" \/><\/figure><\/div><div class=\"swiper-slide\" role=\"group\" aria-roledescription=\"slide\" aria-label=\"Carrousel d\u2019images\"><figure class=\"swiper-slide-inner\"><img decoding=\"async\" class=\"swiper-slide-image\" src=\"http:\/\/locations-kerarzic.fr\/wp-content\/uploads\/2015\/01\/IMGP2360-1024x768.jpg\" alt=\"IMGP2360\" \/><\/figure><\/div><div class=\"swiper-slide\" role=\"group\" aria-roledescription=\"slide\" aria-label=\"Carrousel d\u2019images\"><figure class=\"swiper-slide-inner\"><img decoding=\"async\" class=\"swiper-slide-image\" src=\"http:\/\/locations-kerarzic.fr\/wp-content\/uploads\/2014\/06\/IMGP2366-1024x768.jpg\" alt=\"IMGP2366\" \/><\/figure><\/div><div class=\"swiper-slide\" role=\"group\" aria-roledescription=\"slide\" aria-label=\"Carrousel d\u2019images\"><figure class=\"swiper-slide-inner\"><img decoding=\"async\" class=\"swiper-slide-image\" src=\"http:\/\/locations-kerarzic.fr\/wp-content\/uploads\/2012\/07\/IMGP2364-1024x768.jpg\" alt=\"IMGP2364\" \/><\/figure><\/div><div class=\"swiper-slide\" role=\"group\" aria-roledescription=\"slide\" aria-label=\"Carrousel d\u2019images\"><figure class=\"swiper-slide-inner\"><img decoding=\"async\" class=\"swiper-slide-image\" src=\"http:\/\/locations-kerarzic.fr\/wp-content\/uploads\/2012\/07\/accueil5-1024x768.jpg\" alt=\"accueil5\" \/><\/figure><\/div><div class=\"swiper-slide\" role=\"group\" aria-roledescription=\"slide\" aria-label=\"Carrousel d\u2019images\"><figure class=\"swiper-slide-inner\"><img decoding=\"async\" class=\"swiper-slide-image\" src=\"http:\/\/locations-kerarzic.fr\/wp-content\/uploads\/2012\/07\/mer-gite1-1024x768.jpg\" alt=\"mer gite1\" \/><\/figure><\/div><div class=\"swiper-slide\" role=\"group\" aria-roledescription=\"slide\" aria-label=\"Carrousel d\u2019images\"><figure class=\"swiper-slide-inner\"><img decoding=\"async\" class=\"swiper-slide-image\" src=\"http:\/\/locations-kerarzic.fr\/wp-content\/uploads\/2012\/07\/IMGP2374-1024x768.jpg\" alt=\"IMGP2374\" \/><\/figure><\/div><div class=\"swiper-slide\" role=\"group\" aria-roledescription=\"slide\" aria-label=\"Carrousel d\u2019images\"><figure class=\"swiper-slide-inner\"><img decoding=\"async\" class=\"swiper-slide-image\" src=\"http:\/\/locations-kerarzic.fr\/wp-content\/uploads\/2012\/07\/IMGP0816-1024x768.jpg\" alt=\"IMGP0816\" \/><\/figure><\/div><div class=\"swiper-slide\" role=\"group\" aria-roledescription=\"slide\" aria-label=\"Carrousel d\u2019images\"><figure class=\"swiper-slide-inner\"><img decoding=\"async\" class=\"swiper-slide-image\" src=\"http:\/\/locations-kerarzic.fr\/wp-content\/uploads\/2012\/07\/IMGP2368-1024x768.jpg\" alt=\"IMGP2368\" \/><\/figure><\/div><div class=\"swiper-slide\" role=\"group\" aria-roledescription=\"slide\" aria-label=\"Carrousel d\u2019images\"><figure class=\"swiper-slide-inner\"><img decoding=\"async\" class=\"swiper-slide-image\" src=\"http:\/\/locations-kerarzic.fr\/wp-content\/uploads\/2012\/07\/IMGP0812-1024x768.jpg\" alt=\"IMGP0812\" \/><\/figure><\/div><div class=\"swiper-slide\" role=\"group\" aria-roledescription=\"slide\" aria-label=\"Carrousel d\u2019images\"><figure class=\"swiper-slide-inner\"><img decoding=\"async\" class=\"swiper-slide-image\" src=\"http:\/\/locations-kerarzic.fr\/wp-content\/uploads\/2012\/07\/IMGP0805-1024x768.jpg\" alt=\"IMGP0805\" \/><\/figure><\/div>\t\t\t<\/div>\n\t\t\t\t\t\t\t\t\t\t\t\t<div class=\"elementor-swiper-button elementor-swiper-button-prev\" role=\"button\" tabindex=\"0\">\n\t\t\t\t\t\t<svg aria-hidden=\"true\" class=\"e-font-icon-svg e-eicon-chevron-left\" viewBox=\"0 0 1000 1000\" xmlns=\"http:\/\/www.w3.org\/2000\/svg\"><path d=\"M646 125C629 125 613 133 604 142L308 442C296 454 292 471 292 487 292 504 296 521 308 533L604 854C617 867 629 875 646 875 663 875 679 871 692 858 704 846 713 829 713 812 713 796 708 779 692 767L438 487 692 225C700 217 708 204 708 187 708 171 704 154 692 142 675 129 663 125 646 125Z\"><\/path><\/svg>\t\t\t\t\t<\/div>\n\t\t\t\t\t<div class=\"elementor-swiper-button elementor-swiper-button-next\" role=\"button\" tabindex=\"0\">\n\t\t\t\t\t\t<svg aria-hidden=\"true\" class=\"e-font-icon-svg e-eicon-chevron-right\" viewBox=\"0 0 1000 1000\" xmlns=\"http:\/\/www.w3.org\/2000\/svg\"><path d=\"M696 533C708 521 713 504 713 487 713 471 708 454 696 446L400 146C388 133 375 125 354 125 338 125 325 129 313 142 300 154 292 171 292 187 292 204 296 221 308 233L563 492 304 771C292 783 288 800 288 817 288 833 296 850 308 863 321 871 338 875 354 875 371 875 388 867 400 854L696 533Z\"><\/path><\/svg>\t\t\t\t\t<\/div>\n\t\t\t\t\n\t\t\t\t\t\t\t\t\t<\/div>\n\t\t\t\t\t\t<\/div>\n\t\t\t\t<div class=\"elementor-element elementor-element-bfd0643 elementor-widget elementor-widget-text-editor\" data-id=\"bfd0643\" data-element_type=\"widget\" data-e-type=\"widget\" data-widget_type=\"text-editor.default\">\n\t\t\t\t\t\t\t\t\t<h4><strong>La r\u00e9gion<\/strong><\/h4>\t\t\t\t\t\t\t\t<\/div>\n\t\t\t\t<div class=\"elementor-element elementor-element-02aad81 elementor-widget elementor-widget-image-gallery\" data-id=\"02aad81\" data-element_type=\"widget\" data-e-type=\"widget\" data-widget_type=\"image-gallery.default\">\n\t\t\t\t\t\t\t<div class=\"elementor-image-gallery\">\n\t\t\t<div id='gallery-1' class='gallery galleryid-482 gallery-columns-3 gallery-size-large'><figure class='gallery-item'>\n\t\t\t<div class='gallery-icon landscape'>\n\t\t\t\t<a data-elementor-open-lightbox=\"yes\" data-elementor-lightbox-slideshow=\"02aad81\" data-e-action-hash=\"#elementor-action%3Aaction%3Dlightbox%26settings%3DeyJpZCI6NjAzLCJ1cmwiOiJodHRwOlwvXC9sb2NhdGlvbnMta2VyYXJ6aWMuZnJcL3dwLWNvbnRlbnRcL3VwbG9hZHNcLzIwMjZcLzAyXC9sYS1yb2NoZS1qYWd1LWV0LWxhLXZhbGxlZS1kdS10cmlldXgtNS0xOTIweDk2MC1jcm9wLTE1NDA4MTkwNDAuanBnIiwic2xpZGVzaG93IjoiMDJhYWQ4MSJ9\" href='http:\/\/locations-kerarzic.fr\/wp-content\/uploads\/2026\/02\/la-roche-jagu-et-la-vallee-du-trieux-5-1920x960-crop-1540819040.jpg'><img fetchpriority=\"high\" decoding=\"async\" width=\"810\" height=\"405\" src=\"http:\/\/locations-kerarzic.fr\/wp-content\/uploads\/2026\/02\/la-roche-jagu-et-la-vallee-du-trieux-5-1920x960-crop-1540819040-1024x512.jpg\" class=\"attachment-large size-large\" alt=\"\" srcset=\"http:\/\/locations-kerarzic.fr\/wp-content\/uploads\/2026\/02\/la-roche-jagu-et-la-vallee-du-trieux-5-1920x960-crop-1540819040-1024x512.jpg 1024w, http:\/\/locations-kerarzic.fr\/wp-content\/uploads\/2026\/02\/la-roche-jagu-et-la-vallee-du-trieux-5-1920x960-crop-1540819040-300x150.jpg 300w, http:\/\/locations-kerarzic.fr\/wp-content\/uploads\/2026\/02\/la-roche-jagu-et-la-vallee-du-trieux-5-1920x960-crop-1540819040-768x384.jpg 768w, http:\/\/locations-kerarzic.fr\/wp-content\/uploads\/2026\/02\/la-roche-jagu-et-la-vallee-du-trieux-5-1920x960-crop-1540819040-1536x768.jpg 1536w, http:\/\/locations-kerarzic.fr\/wp-content\/uploads\/2026\/02\/la-roche-jagu-et-la-vallee-du-trieux-5-1920x960-crop-1540819040.jpg 1920w\" sizes=\"(max-width: 810px) 100vw, 810px\" \/><\/a>\n\t\t\t<\/div><\/figure><figure class='gallery-item'>\n\t\t\t<div class='gallery-icon landscape'>\n\t\t\t\t<a data-elementor-open-lightbox=\"yes\" data-elementor-lightbox-slideshow=\"02aad81\" data-e-action-hash=\"#elementor-action%3Aaction%3Dlightbox%26settings%3DeyJpZCI6NjA0LCJ1cmwiOiJodHRwOlwvXC9sb2NhdGlvbnMta2VyYXJ6aWMuZnJcL3dwLWNvbnRlbnRcL3VwbG9hZHNcLzIwMjZcLzAyXC9xdWUtZmFpcmUtaWxlLWJyZWhhdC1icmV0YWduZS5qcGciLCJzbGlkZXNob3ciOiIwMmFhZDgxIn0%3D\" href='http:\/\/locations-kerarzic.fr\/wp-content\/uploads\/2026\/02\/que-faire-ile-brehat-bretagne.jpg'><img decoding=\"async\" width=\"810\" height=\"456\" src=\"http:\/\/locations-kerarzic.fr\/wp-content\/uploads\/2026\/02\/que-faire-ile-brehat-bretagne-1024x576.jpg\" class=\"attachment-large size-large\" alt=\"\" srcset=\"http:\/\/locations-kerarzic.fr\/wp-content\/uploads\/2026\/02\/que-faire-ile-brehat-bretagne-1024x576.jpg 1024w, http:\/\/locations-kerarzic.fr\/wp-content\/uploads\/2026\/02\/que-faire-ile-brehat-bretagne-300x169.jpg 300w, http:\/\/locations-kerarzic.fr\/wp-content\/uploads\/2026\/02\/que-faire-ile-brehat-bretagne-768x432.jpg 768w, http:\/\/locations-kerarzic.fr\/wp-content\/uploads\/2026\/02\/que-faire-ile-brehat-bretagne.jpg 1170w\" sizes=\"(max-width: 810px) 100vw, 810px\" \/><\/a>\n\t\t\t<\/div><\/figure><figure class='gallery-item'>\n\t\t\t<div class='gallery-icon landscape'>\n\t\t\t\t<a data-elementor-open-lightbox=\"yes\" data-elementor-lightbox-slideshow=\"02aad81\" data-e-action-hash=\"#elementor-action%3Aaction%3Dlightbox%26settings%3DeyJpZCI6NjAyLCJ1cmwiOiJodHRwOlwvXC9sb2NhdGlvbnMta2VyYXJ6aWMuZnJcL3dwLWNvbnRlbnRcL3VwbG9hZHNcLzIwMjZcLzAyXC9hYmJheWUtZGUtYmVhdXBvcnQtMTY3OTE0NjYwMy5qcGciLCJzbGlkZXNob3ciOiIwMmFhZDgxIn0%3D\" href='http:\/\/locations-kerarzic.fr\/wp-content\/uploads\/2026\/02\/abbaye-de-beauport-1679146603.jpg'><img decoding=\"async\" width=\"810\" height=\"423\" src=\"http:\/\/locations-kerarzic.fr\/wp-content\/uploads\/2026\/02\/abbaye-de-beauport-1679146603-1024x535.jpg\" class=\"attachment-large size-large\" alt=\"\" srcset=\"http:\/\/locations-kerarzic.fr\/wp-content\/uploads\/2026\/02\/abbaye-de-beauport-1679146603-1024x535.jpg 1024w, http:\/\/locations-kerarzic.fr\/wp-content\/uploads\/2026\/02\/abbaye-de-beauport-1679146603-300x157.jpg 300w, http:\/\/locations-kerarzic.fr\/wp-content\/uploads\/2026\/02\/abbaye-de-beauport-1679146603-768x401.jpg 768w, http:\/\/locations-kerarzic.fr\/wp-content\/uploads\/2026\/02\/abbaye-de-beauport-1679146603.jpg 1200w\" sizes=\"(max-width: 810px) 100vw, 810px\" \/><\/a>\n\t\t\t<\/div><\/figure>\n\t\t<\/div>\n\t\t<\/div>\n\t\t\t\t\t\t<\/div>\n\t\t\t\t<div class=\"elementor-element elementor-element-aca1f3a elementor-widget elementor-widget-text-editor\" data-id=\"aca1f3a\" data-element_type=\"widget\" data-e-type=\"widget\" data-widget_type=\"text-editor.default\">\n\t\t\t\t\t\t\t\t\t<h4><span style=\"color: #ff00ff;\"><strong>Ploubazlanec en face de l\u2019\u00eele de Br\u00e9hat, tout pr\u00e8s de la ville de Paimpol<\/strong><\/span><\/h4><p><strong><br \/>Liens touristiques et culturels<\/strong><\/p><p><a href=\"http:\/\/www.autourdebrehat.com\">Autour de Br\u00e9hat<\/a><\/p><p><a href=\"http:\/\/www.paimpol-goelo.com\/\"><span style=\"font-weight: 400;\">Office du tourisme de Paimpol<\/span><\/a><\/p><p><a href=\"http:\/\/www.paimpol.net\/index.php\"><span style=\"font-weight: 400;\">Ville de Paimpol<\/span><\/a><\/p><p><a href=\"http:\/\/www.abbaye-beauport.com\/\"><span style=\"font-weight: 400;\">Abbaye de Beauport<\/span><\/a><\/p><p><a href=\"http:\/\/www.larochejagu.fr\/\"><span style=\"font-weight: 400;\">Ch\u00e2teau de la Roche Jagu<\/span><\/a><\/p><p><a href=\"http:\/\/www.iledebrehat.fr\/\"><span style=\"font-weight: 400;\">Ile de Br\u00e9hat<\/span><\/a><\/p><p><a href=\"http:\/\/www.cotedegranitrose.net\/\"><span style=\"font-weight: 400;\">La c\u00f4te de Granit Rose<\/span><\/a><\/p><p><a href=\"http:\/\/www.tourismebretagne.com\/a-faire\/les-evenements\/les-grands-evenements\/festival-du-chant-de-marin-paimpol-du-9-au-11-aout-2013\"><span style=\"font-weight: 400;\">Festival du Chant de Marin<\/span><\/a><\/p><p><a href=\"http:\/\/www.studiodeladanse.fr\/\"><span style=\"font-weight: 400;\">Studio de la Danse<\/span><\/a><\/p>\t\t\t\t\t\t\t\t<\/div>\n\t\t\t\t\t<\/div>\n\t\t\t\t<\/div>\n\t\t\t\t<\/div>\n\t\t","protected":false},"excerpt":{"rendered":"<p>La r\u00e9gion Ploubazlanec en face de l\u2019\u00eele de Br\u00e9hat, tout pr\u00e8s de la ville de Paimpol Liens touristiques et culturels Autour de Br\u00e9hat Office du tourisme de Paimpol Ville de Paimpol Abbaye de Beauport Ch\u00e2teau de la Roche Jagu Ile de Br\u00e9hat La c\u00f4te de Granit Rose Festival du Chant de Marin Studio de la &#8230; <a title=\"R\u00e9gion\" class=\"read-more\" href=\"http:\/\/locations-kerarzic.fr\/?page_id=482\" aria-label=\"En savoir plus sur R\u00e9gion\">Lire la suite<\/a><\/p>\n","protected":false},"author":1,"featured_media":0,"parent":0,"menu_order":0,"comment_status":"closed","ping_status":"closed","template":"elementor_header_footer","meta":{"footnotes":""},"class_list":["post-482","page","type-page","status-publish"],"_links":{"self":[{"href":"http:\/\/locations-kerarzic.fr\/index.php?rest_route=\/wp\/v2\/pages\/482","targetHints":{"allow":["GET"]}}],"collection":[{"href":"http:\/\/locations-kerarzic.fr\/index.php?rest_route=\/wp\/v2\/pages"}],"about":[{"href":"http:\/\/locations-kerarzic.fr\/index.php?rest_route=\/wp\/v2\/types\/page"}],"author":[{"embeddable":true,"href":"http:\/\/locations-kerarzic.fr\/index.php?rest_route=\/wp\/v2\/users\/1"}],"replies":[{"embeddable":true,"href":"http:\/\/locations-kerarzic.fr\/index.php?rest_route=%2Fwp%2Fv2%2Fcomments&post=482"}],"version-history":[{"count":31,"href":"http:\/\/locations-kerarzic.fr\/index.php?rest_route=\/wp\/v2\/pages\/482\/revisions"}],"predecessor-version":[{"id":627,"href":"http:\/\/locations-kerarzic.fr\/index.php?rest_route=\/wp\/v2\/pages\/482\/revisions\/627"}],"wp:attachment":[{"href":"http:\/\/locations-kerarzic.fr\/index.php?rest_route=%2Fwp%2Fv2%2Fmedia&parent=482"}],"curies":[{"name":"wp","href":"https:\/\/api.w.org\/{rel}","templated":true}]}}